{"id":315,"date":"2018-12-11T19:14:17","date_gmt":"2018-12-11T18:14:17","guid":{"rendered":"https:\/\/sigrian.crea.gov.it\/?page_id=315"},"modified":"2018-12-11T19:14:17","modified_gmt":"2018-12-11T18:14:17","slug":"privacy-policy","status":"publish","type":"page","link":"https:\/\/sigrian.crea.gov.it\/index.php\/privacy-policy\/","title":{"rendered":"Privacy Policy"},"content":{"rendered":"<p><strong>L\u2019informativa che segue \u00e8 resa ai sensi dell\u2019art.13 del D.Lgs. 196\/2003 (Codice in materia di protezione dei dati personali e dell\u2019art. 13 del Regolamento UE n. 2016\/679 in materia di protezione dei dati personali delle persone fisiche (GDPR)<\/strong><\/p>\n<p>In questa pagina sono descritte le modalit\u00e0 di trattamento dei dati personali degli utenti che consultano il sito web del CREA, accessibile per via telematica all\u2019indirizzo\u00a0<a href=\"http:\/\/www.crea.gov.it\/\">www.crea.gov.it<\/a>\u00a0corrispondente alla pagina iniziale del sito dell&#8217;ente CREA.<\/p>\n<p>Si tratta di un&#8217;informativa che \u00e8 resa ai sensi D.Lgs 196\/2003 (\u201cCodice in materia di protezione dei dati personali\u201d) e Reg. UE 2016\/679 (\u201cGDPR\u201d) a coloro che interagiscono con i servizi web dell&#8217;ente CREA per la protezione dei dati personali, accessibili per via telematica a partire dall&#8217;indirizzo\u00a0<strong><a href=\"http:\/\/www.crea.gov.it\/\">www.crea.gov.it<\/a><\/strong>\u00a0corrispondente alla pagina iniziale del sito dell&#8217;ente CREA.<br \/>\nL&#8217;informativa riguarda unicamente il sito dell&#8217;ente CREA e non anche per altri siti web eventualmente consultati dall&#8217;utente tramite link.<\/p>\n<h2 id=\"il_titolare_del_trattamento\" class=\"menu-title\" data-menu-title=\"Il Titolare del trattamento\">Il Titolare del trattamento<\/h2>\n<p>Titolare del trattamento \u00e8 il Consiglio per la ricerca in agricoltura e l\u2019analisi dell\u2019economia agraria CREA &#8211; nella persona del Legale rappresentante pro-tempore &#8211;<br \/>\nSede in Via Po, 14 &#8211; 00198 ROMA<\/p>\n<p>P.IVA: 08183101008 &#8211; C.F.: 97231970589<br \/>\nTel: +39 06 478361 &#8211; Fax: +39 06 47836320 &#8211;\u00a0<a href=\"mailto:crea@crea.gov.it\">crea@crea.gov.it<\/a><br \/>\nPosta Elettronica Certificata:\u00a0<a href=\"mailto:crea@pec.crea.gov.it\">crea@pec.crea.gov.it<\/a><\/p>\n<h2 id=\"base_giuridica_del_trattamento\" class=\"menu-title\" data-menu-title=\"Base giuridica del trattamento\">Base giuridica del trattamento<\/h2>\n<p><em><strong>I dati personali indicati in questa pagina sono trattati dal CREA esclusivamente in conformit\u00e0 alle finalit\u00e0 istituzionali o comunque connessi all\u2019esercizio dei compiti di interesse pubblico incluse le finalit\u00e0 di ricerca scientifica ed analisi per scopi scientifici.<\/strong><\/em><\/p>\n<p><strong>Tipologia dei dati personali trattati e finalit\u00e0 del trattamento<\/strong><\/p>\n<p><strong>Dati di navigazione<\/strong><br \/>\nI sistemi informatici e le procedure software preposte al funzionamento di questo sito web acquisiscono, nel corso del loro normale esercizio, alcuni dati personali la cui trasmissione \u00e8 implicita nell&#8217;uso dei protocolli di comunicazione di Internet. Si tratta di informazioni che non sono raccolte per essere associate a interessati identificati, ma che per loro stessa natura potrebbero, attraverso elaborazioni ed associazioni con dati detenuti da terzi, permettere di identificare gli utenti. In questa categoria di dati rientrano gli indirizzi IP dei computer utilizzati dagli utenti che si connettono al sito, gli indirizzi in notazione URI (Uniform Resource Identifier) delle risorse richieste, l&#8217;orario della richiesta, il metodo utilizzato nel sottoporre la richiesta al server, la dimensione del file ottenuto in risposta, il codice numerico indicante lo stato della risposta data dal server (buon fine, errore, ecc.) ed altri parametri relativi al sistema operativo e all&#8217;ambiente informatico dell&#8217;utente.<br \/>\nQuesti dati vengono utilizzati al solo fine di ricavare informazioni statistiche anonime sull&#8217;uso del sito e per controllarne il corretto funzionamento. Vengono conservati nei server dell&#8217;ente CREA e vengono cancellati dopo un anno dall\u2019acquisizione. I dati potrebbero essere utilizzati per l&#8217;accertamento di responsabilit\u00e0 in caso di ipotetici reati informatici ai danni del sito.<\/p>\n<p><strong>Dati forniti volontariamente dall&#8217;utente<\/strong><br \/>\nL&#8217;invio facoltativo, esplicito e volontario di posta elettronica agli indirizzi indicati su questo sito comporta la successiva acquisizione dell&#8217;indirizzo del mittente, necessario per rispondere alle richieste, nonch\u00e9 degli eventuali altri dati personali inseriti nella missiva.<\/p>\n<h2 id=\"informativa_sull_uso_dei_cookie\" class=\"menu-title\" data-menu-title=\"Informativa sull\u2019uso dei cookie\">Informativa sull\u2019uso dei cookie<\/h2>\n<p>Il sito web\u00a0<a href=\"http:\/\/www.sigrian.crea.gov.it\/\">www.sigrian.crea.gov.it<\/a>\u00a0utilizza cookie e tecnologie simili per garantire il corretto funzionamento delle procedure e migliorare l&#8217;esperienza di uso delle applicazioni online.<br \/>\nLeggi la\u00a0<a href=\"https:\/\/www.crea.gov.it\/it\/informativa-uso-cookie.html\">cookie declaration<\/a>\u00a0per informazioni dettagliate sull&#8217;uso dei cookie su come sono utilizzati e su come gestirli.<\/p>\n<h2 id=\"modalit__del_trattamento_e_periodo_di_conservazione_dei_dati\" class=\"menu-title\" data-menu-title=\"Modalit\u00e0 del trattamento e periodo di conservazione dei dati\">Modalit\u00e0 del trattamento e periodo di conservazione dei dati<\/h2>\n<p>I dati personali sono trattati con strumenti informatici manuali e telematici per il tempo strettamente necessario a conseguire gli scopi per cui sono stati raccolti. Specifiche misure di sicurezza sono osservate per prevenire la perdita dei dati, usi illeciti o non corretti ed accessi non autorizzati.<\/p>\n<h2 id=\"esistenza_di_processi_decisionali_automatizzati__compresa_la_profilazione_di_cui_all_art__22_del_regolamento_ue_n__679_2016__gdpr_\" class=\"menu-title\" data-menu-title=\"Esistenza di processi decisionali automatizzati, compresa la profilazione di cui all\u2019art. 22 del Regolamento UE N. 679\/2016 (GDPR)\">Esistenza di processi decisionali automatizzati, compresa la profilazione di cui all\u2019art. 22 del Regolamento UE N. 679\/2016 (GDPR)<\/h2>\n<p>Il trattamento che il CREA effettuer\u00e0 sui dati personali non prevede alcun processo decisionale automatizzato che possa produrre effetti giuridici che riguardano l\u2019interessato o che incida in modo analogo significativamente sulla persona dell\u2019interessato, compresa la profilazione.<\/p>\n<h2 id=\"diritti_dell_interessato\" class=\"menu-title\" data-menu-title=\"Diritti dell\u2019interessato\">Diritti dell\u2019interessato<\/h2>\n<p>L\u2019interessato al trattamento pu\u00f2 esercitare i diritti previsti dall\u2019art. 7 del D.Lgs 196\/2003 e dagli artt. da 15 a 22 del Regolamento UE n. 679\/2016, ove applicabili (diritto di accesso, diritto di rettifica, diritto alla cancellazione, diritto alla limitazione del trattamento, diritto alla portabilit\u00e0 dei dati, diritto di opposizione.<\/p>\n<ul>\n<li>Art.15 \u2013 accesso: potete chiedere conferma che sia o meno in essere un trattamento di dati che vi riguardano, oltre a maggiori chiarimenti circa le informazioni di cui alla presente informativa;<\/li>\n<li>Art.16 \u2013 rettifica: potete chiedere di rettificare o integrare i dati che ci avete fornito, qualora inesatti;<\/li>\n<li>Art.17 \u2013 cancellazione: potete chiedere che i vostri dati vengano cancellati, qualora non siano pi\u00f9 necessari alle nostre finalit\u00e0, in caso di revoca del consenso o vostra opposizione al trattamento, in caso di trattamento illecito, ovvero sussista un obbligo legale di cancellazione o si riferiscano a soggetti minori di anni sedici.<\/li>\n<li>Art.18 \u2013 limitazione del trattamento: potete chiedere che i vostri dati siano trattati solo ai fini della conservazione, con esclusione di altri trattamenti, per il periodo necessario alla rettifica dei vostri dati, in caso di trattamento illecito per il quale vi opponete alla cancellazione, qualora voi dobbiate esercitare i vostri diritti in sede giudiziaria e i dati da noi conservati vi possano essere utili e, infine, in caso di opposizione al trattamento e sia in corso una verifica sulla prevalenza dei nostri motivi legittimi rispetto ai vostri.<\/li>\n<li>Art.20 \u2013 portabilit\u00e0: potete chiedere di ricevere i vostri dati, o di farli trasmettere ad altro titolare da voi indicato, in un formato strutturato, di uso comune e leggibile da dispositivo automatico.<\/li>\n<li>Art.21 \u2013 opposizione al trattamento: potete opporvi in qualunque momento al trattamento dei vostri dati, salvo che vi siano nostri motivi legittimi per procedere al trattamento che prevalgano sui vostri, per esempio per l\u2019esercizio o la nostra difesa in sede giudiziaria.<\/li>\n<li>Art.22 \u2013 opposizione al processo decisionale automatizzato: potete opporvi al processo decisionale automatizzato, qualora il Titolare effettui questo tipo di trattamento.<\/li>\n<li>L\u2019esercizio dei diritti predetti avviene tramite presentazione di apposita istanza al Titolare del trattamento, tramite i dati di contatto di quest\u2019ultimo.<\/li>\n<\/ul>\n<h2 id=\"segnalazioni\" class=\"menu-title\" data-menu-title=\"Segnalazioni\">Segnalazioni<\/h2>\n<p>Eventuali segnalazioni su difformit\u00e0 e criticit\u00e0 possono essere comunicate al Responsabile della protezione dei dati personali (DPO \u2013 Data Protection Officer) del CREA al seguente indirizzo email:<\/p>\n<p><a href=\"mailto:responsabileprotezionedati@crea.gov.it\">responsabileprotezionedati@crea.gov.it<\/a><\/p>\n<h2 id=\"reclamo_all_autorit__di_controllo\" class=\"menu-title\" data-menu-title=\"Reclamo all\u2019autorit\u00e0 di controllo\">Reclamo all\u2019autorit\u00e0 di controllo<\/h2>\n<p>Ove l\u2019interessato ravvisi una violazione della disciplina rilevante in materia di protezione dei dati personali pu\u00f2 presentare reclamo al Autorit\u00e0 Garante per la protezione dei dati personali, ai sensi dell\u2019art. 77 del Regolamento UE 679\/1996) per le conseguenti verifiche e la eventuale adozione dei provvedimenti conseguenziali:<\/p>\n<p>l reclamo pu\u00f2 essere sottoscritto direttamente dall&#8217;interessato oppure, per suo conto, da un avvocato, un procuratore, un organismo, un&#8217;organizzazione o un&#8217;associazione senza scopo di lucro. In tali casi, \u00e8 necessario conferire una procura da depositarsi presso il Garante assieme a tutta la documentazione utile ai fini della valutazione del reclamo presentato.<\/p>\n<p>Il reclamante potr\u00e0 far pervenire l&#8217;atto utilizzando la modalit\u00e0 ritenuta pi\u00f9 opportuna, consegnandolo a mano presso gli uffici del Garante (all&#8217;indirizzo di seguito indicato) o mediante l&#8217;inoltro di:<\/p>\n<p>a) raccomandata A\/R indirizzata a Garante per la protezione dei dati personali, Piazza di Monte Citorio, 121 00186 Roma<\/p>\n<p>b) messaggio di posta elettronica certificata indirizzata a\u00a0<a href=\"mailto:protocollo@pec.gpdp.it\">protocollo@pec.gpdp.it<\/a><\/p>\n<p>In sede di prima applicazione, il reclamo e l&#8217;eventuale procura dovranno essere sottoscritti con firma autenticata, ovvero con firma digitale, ovvero con firma autografa (in tale ultimo caso, al reclamo dovr\u00e0 essere allegata copia di un documento di riconoscimento dell\u2019interessato\/a in corso di validit\u00e0).<\/p>\n<p>La presentazione di un reclamo \u00e8 gratuita.<\/p>\n","protected":false},"excerpt":{"rendered":"<p>L\u2019informativa che segue \u00e8 resa ai sensi dell\u2019art.13 del D.Lgs. 196\/2003 (Codice in materia di protezione dei dati personali e dell\u2019art. 13 del Regolamento UE n. 2016\/679 in materia di protezione dei dati personali delle persone fisiche (GDPR) In questa pagina sono descritte le modalit\u00e0 di trattamento dei dati personali degli utenti che consultano il [&hellip;]<\/p>\n","protected":false},"author":1,"featured_media":0,"parent":0,"menu_order":0,"comment_status":"closed","ping_status":"closed","template":"","meta":{"_et_pb_use_builder":"","_et_pb_old_content":""},"_links":{"self":[{"href":"https:\/\/sigrian.crea.gov.it\/index.php\/wp-json\/wp\/v2\/pages\/315"}],"collection":[{"href":"https:\/\/sigrian.crea.gov.it\/index.php\/wp-json\/wp\/v2\/pages"}],"about":[{"href":"https:\/\/sigrian.crea.gov.it\/index.php\/wp-json\/wp\/v2\/types\/page"}],"author":[{"embeddable":true,"href":"https:\/\/sigrian.crea.gov.it\/index.php\/wp-json\/wp\/v2\/users\/1"}],"replies":[{"embeddable":true,"href":"https:\/\/sigrian.crea.gov.it\/index.php\/wp-json\/wp\/v2\/comments?post=315"}],"version-history":[{"count":2,"href":"https:\/\/sigrian.crea.gov.it\/index.php\/wp-json\/wp\/v2\/pages\/315\/revisions"}],"predecessor-version":[{"id":317,"href":"https:\/\/sigrian.crea.gov.it\/index.php\/wp-json\/wp\/v2\/pages\/315\/revisions\/317"}],"wp:attachment":[{"href":"https:\/\/sigrian.crea.gov.it\/index.php\/wp-json\/wp\/v2\/media?parent=315"}],"curies":[{"name":"wp","href":"https:\/\/api.w.org\/{rel}","templated":true}]}}