{"id":719,"date":"2019-05-20T13:38:11","date_gmt":"2019-05-20T11:38:11","guid":{"rendered":"https:\/\/sigrian.crea.gov.it\/?page_id=719"},"modified":"2019-06-04T12:21:58","modified_gmt":"2019-06-04T10:21:58","slug":"normativa_comunitaria","status":"publish","type":"page","link":"https:\/\/sigrian.crea.gov.it\/index.php\/normativa_comunitaria\/","title":{"rendered":"Normativa Comunitaria"},"content":{"rendered":"<p>[et_pb_section bb_built=&#8221;1&#8243; fullwidth=&#8221;on&#8221; _builder_version=&#8221;3.0.47&#8243; next_background_color=&#8221;#000000&#8243;][et_pb_fullwidth_header admin_label=&#8221;Normativa Comunitaria&#8221; title=&#8221;Normativa Comunitaria&#8221; _builder_version=&#8221;3.21.1&#8243; background_color=&#8221;#5d8d20&#8243; use_background_color_gradient=&#8221;on&#8221; background_color_gradient_start=&#8221;#5d8d20&#8243; background_color_gradient_end=&#8221;#496417&#8243; background_color_gradient_direction=&#8221;45deg&#8221; z_index_tablet=&#8221;500&#8243; \/][\/et_pb_section][et_pb_section bb_built=&#8221;1&#8243; _builder_version=&#8221;3.17.6&#8243; prev_background_color=&#8221;#000000&#8243;][et_pb_row _builder_version=&#8221;3.0.48&#8243; background_size=&#8221;initial&#8221; background_position=&#8221;top_left&#8221; background_repeat=&#8221;repeat&#8221;][et_pb_column type=&#8221;3_4&#8243;][et_pb_text admin_label=&#8221;Direttiva Quadro Acque (UE 2000\/60)&#8221; _builder_version=&#8221;3.21.1&#8243; text_orientation=&#8221;justified&#8221; z_index_tablet=&#8221;500&#8243;]<\/p>\n<h4><strong>Direttiva Quadro Acque (UE 2000\/60)<\/strong><\/h4>\n<p>La programmazione ed attuazione degli investimenti irrigui \u00e8 strettamente connessa agli obiettivi della Direttiva Quadro Acque (EU 2000\/60) e agli strumenti di pianificazione da essa previsti.<\/p>\n<p>La Direttiva 2000\/60, ai fini del raggiungimento degli obiettivi di tutela delle risorse idriche, ed in particolare per il rispetto degli obiettivi di non deterioramento e miglioramento dello stato ambientale dei corpi idrici superficiali e sotterranei, stabilisce all\u2019art. 9, che siano attuate politiche dei prezzi dell\u2019acqua. Politica finalizzata a incentivare l\u2019uso efficiente delle risorse, anche attraverso il ricorso all\u2019applicazione di tariffe determinate in funzione dei volumi effettivamente utilizzati, in attuazione del principio \u201cchi usa paga\u201d e attraverso il recupero dei costi dei servizi idrici, compresi i costi ambientali, e i costi relativi alle risorse, prendendo in considerazione l&#8217;analisi economica effettuata.<\/p>\n<p>La Direttiva 2000\/60 prevede che l\u2019analisi economica deve riportare informazioni sufficienti e adeguatamente dettagliate al fine di:<\/p>\n<p>a) effettuare i pertinenti calcoli necessari per prendere in considerazione il principio del recupero dei costi dei servizi idrici, di cui all&#8217;articolo 9, tenuto conto delle previsioni a lungo termine riguardo all&#8217;offerta e alla domanda di acqua nel distretto idrografico in questione e, se necessario:<\/p>\n<p>&#8211; stime del volume, dei prezzi e dei costi connessi ai servizi idrici,<\/p>\n<p>&#8211; stime dell&#8217;investimento corrispondente, con le relative previsioni;<\/p>\n<p>b) formarsi un&#8217;opinione circa la combinazione delle misure pi\u00f9 redditizie, relativamente agli utilizzi idrici, da includere nel programma di misure di cui all&#8217;articolo 11 in base ad una stima dei potenziali costi di dette misure.<\/p>\n<p>[\/et_pb_text][\/et_pb_column][et_pb_column type=&#8221;1_4&#8243;][\/et_pb_column][\/et_pb_row][et_pb_row _builder_version=&#8221;3.0.48&#8243; background_size=&#8221;initial&#8221; background_position=&#8221;top_left&#8221; background_repeat=&#8221;repeat&#8221;][et_pb_column type=&#8221;3_4&#8243;][et_pb_text admin_label=&#8221;Regolamento UE 1305\/2013&#8243; _builder_version=&#8221;3.21.1&#8243; text_orientation=&#8221;justified&#8221; z_index_tablet=&#8221;500&#8243;]<\/p>\n<h4><strong>Regolamento UE 1305\/2013<\/strong><\/h4>\n<p>Il Reg. UE n. 1305\/2013, del 17 dicembre 2013, sul sostegno allo sviluppo rurale da parte del Fondo europeo agricolo per lo sviluppo rurale (FEASR), definisce le norme specifiche relative al FEASR per la programmazione dello sviluppo rurale volta a migliorare le prestazioni economiche e ambientali delle aziende agricole e delle imprese rurali, a rendere pi\u00f9 efficiente il settore della trasformazione e della commercializzazione dei prodotti agricoli, a realizzare l&#8217;infrastruttura necessaria allo sviluppo del settore e a sostenere gli investimenti non remunerativi necessari per conseguire gli obiettivi ambientali.<\/p>\n<p>Per il raggiungimento degli obiettivi ambientali sono previste disposizioni anche per il finanziamento degli investimenti in materia di irrigazione a condizione che l\u2019utilizzo della risorsa idrica rispetti il principio della sostenibilit\u00e0. All\u2019art. 46 \u201cInvestimenti nell\u2019irrigazione\u201d del regolamento \u00e8 prevista la realizzazione di investimenti per il miglioramento delle infrastrutture o degli impianti di irrigazione che comportano un guadagno minimo in termini di efficienza idrica, espresso come risparmio idrico potenziale. Il sostegno per la realizzazione degli investimenti pu\u00f2 essere concesso solo in presenza di un piano di gestione del bacino idrografico di riferimento, definito secondo i principi della Direttiva Quadro Acque, e nei casi in cui la misurazione dell&#8217;acqua consumata \u00e8 gi\u00e0 effettuata a livello dell&#8217;investimento o \u00e8 prevista nell&#8217;ambito dell&#8217;investimento oggetto di finanziamento.<\/p>\n<p>Nello stesso regolamento 1305\/2013 \u00e8 previsto che il Comitato di sorveglianza, che si accerta delle prestazioni e dell&#8217;effettiva attuazione del programma di sviluppo rurale, esamini le azioni del programma relative all&#8217;adempimento delle condizionalit\u00e0 ex ante nell&#8217;ambito delle responsabilit\u00e0 dell&#8217;autorit\u00e0 di gestione e riceve informazioni in merito alle azioni relative all&#8217;adempimento di altre condizionalit\u00e0 ex ante. Per la priorit\u00e0 5.2 Settore delle risorse idriche, viene verificata l\u2019esistenza di: una politica dei prezzi dell&#8217;acqua che preveda adeguati incentivi per gli utilizzatori a usare le risorse idriche in modo efficiente; un adeguato contributo al recupero dei costi dei servizi idrici a carico dei vari settori di impiego dell&#8217;acqua a un tasso stabilito nel piano approvato di gestione dei bacini idrografici per gli investimenti sostenuti dai programmi (allegato V del Reg. 1305\/2013).<\/p>\n<p>[\/et_pb_text][\/et_pb_column][et_pb_column type=&#8221;1_4&#8243;][et_pb_blurb admin_label=&#8221;Regolamento UE 1305\/2013&#8243; title=&#8221;Regolamento UE 1305\/2013&#8243; url=&#8221;https:\/\/sigrian.crea.gov.it\/wp-content\/uploads\/2019\/05\/reg-1305_2013-PSR.pdf&#8221; url_new_window=&#8221;on&#8221; use_icon=&#8221;on&#8221; font_icon=&#8221;%%72%%&#8221; icon_color=&#8221;#496417&#8243; icon_placement=&#8221;left&#8221; _builder_version=&#8221;3.21.1&#8243; header_text_align=&#8221;justify&#8221; background_color_gradient_direction=&#8221;45deg&#8221; border_color_all=&#8221;#496417&#8243; custom_padding=&#8221;5px|5px|5px|5px&#8221; custom_padding_last_edited=&#8221;off|&#8221; animation=&#8221;left&#8221; link_option_url=&#8221;https:\/\/sigrian.crea.gov.it\/wp-content\/uploads\/2019\/05\/reg-1305_2013-PSR.pdf&#8221; link_option_url_new_window=&#8221;on&#8221; z_index_tablet=&#8221;500&#8243;]<\/p>\n<p><strong>REGOLAMENTO (UE) N. 1305\/2013 DEL PARLAMENTO EUROPEO E DEL CONSIGLIO<\/strong><br \/>del 17 dicembre 2013 sul sostegno allo sviluppo rurale da parte del Fondo europeo agricolo per lo sviluppo rurale (FEASR) e che abroga il regolamento (CE) n. 1698\/2005 del Consiglio<br \/>&nbsp;<\/p>\n<p>[\/et_pb_blurb][\/et_pb_column][\/et_pb_row][et_pb_row _builder_version=&#8221;3.0.48&#8243; background_size=&#8221;initial&#8221; background_position=&#8221;top_left&#8221; background_repeat=&#8221;repeat&#8221;][et_pb_column type=&#8221;3_4&#8243;][et_pb_text admin_label=&#8221;Regolamento UE 1303\/2013&#8243; _builder_version=&#8221;3.21.1&#8243; text_orientation=&#8221;justified&#8221; z_index_tablet=&#8221;500&#8243;]<\/p>\n<h4><strong>Regolamento UE 1303\/2013<\/strong><\/h4>\n<p>Il Regolamento (UE) n. 1303\/2013, del 17 dicembre 2013, recante disposizioni comuni su fondi strutturali e di investimento europei (fondi SIE), incluso il Fondo europeo agricolo per lo sviluppo rurale (FEASR), all\u2019art. 19 stabilisce le condizioni per garantire le condizioni necessarie per un utilizzo efficace ed efficiente dei fondi stessi, attraverso il rispetto delle Condizionalit\u00e0 ex ante, ovvero definisce gli impegni gi\u00e0 previsti nelle rispettive norme specifiche di ciascun fondo di finanziamento che devono essere rispettati, e stabilisce le condizionalit\u00e0 ex-ante generali applicabili agli obiettivi specifici perseguiti nell&#8217;ambito delle priorit\u00e0 dei rispettivi programmi.<\/p>\n<p>Le condizionalit\u00e0 ex ante sono identificabili come uno degli elementi chiave all&#8217;interno della riforma della politica di coesione per il periodo 2014-2020 e tali condizioni sono correlate a quadri normativi e a quadri politici e strategici.<\/p>\n<p>In attuazione del Reg. 1303\/2013 le disposizioni della Direttiva Quadro Acque 2000\/60 sono divenute condizionalit\u00e0 ex ante, ovvero, quanto disposto dalla direttiva corrisponde alle condizioni minime da rispettare per l\u2019accesso ai fondi SIE.<\/p>\n<p>Nell\u2019ambito del FEASR, la condizionalit\u00e0 ex ante per le risorse idriche \u00e8 applicabile alla Priorit\u00e0 5, come specificato nell\u2019allegato XI del Reg. 1303\/2013, dove \u00e8 previsto che vengano rispettati gli impegni in merito all\u2019attuazione di una politica dei prezzi dell\u2019acqua che incentivi ad usare le risorse idriche in modo efficiente conformemente all&#8217;articolo 9, paragrafo 1, primo trattino, della Direttiva 2000\/60\/CE.<\/p>\n<p>[\/et_pb_text][\/et_pb_column][et_pb_column type=&#8221;1_4&#8243;][et_pb_blurb admin_label=&#8221;Regolamento UE 1303\/2013&#8243; title=&#8221;Regolamento UE 1303\/2013&#8243; url=&#8221;https:\/\/sigrian.crea.gov.it\/wp-content\/uploads\/2019\/05\/Reg-1303_2013-PSR.pdf&#8221; url_new_window=&#8221;on&#8221; use_icon=&#8221;on&#8221; font_icon=&#8221;%%72%%&#8221; icon_color=&#8221;#496417&#8243; icon_placement=&#8221;left&#8221; _builder_version=&#8221;3.21.1&#8243; header_text_align=&#8221;justify&#8221; background_color_gradient_direction=&#8221;45deg&#8221; border_color_all=&#8221;#496417&#8243; custom_padding=&#8221;5px|5px|5px|5px&#8221; custom_padding_last_edited=&#8221;off|&#8221; animation=&#8221;left&#8221; link_option_url=&#8221;https:\/\/sigrian.crea.gov.it\/wp-content\/uploads\/2019\/05\/Reg-1303_2013-PSR.pdf&#8221; link_option_url_new_window=&#8221;on&#8221; z_index_tablet=&#8221;500&#8243;]<\/p>\n<p><strong>REGOLAMENTO (UE) N. 1303\/2013 DEL PARLAMENTO EUROPEO E DEL CONSIGLIO<\/strong><br \/>\ndel 17 dicembre 2013<br \/>\nrecante disposizioni comuni sul Fondo europeo di sviluppo regionale, sul Fondo sociale europeo, sul Fondo di coesione, sul Fondo europeo agricolo per lo sviluppo rurale e sul Fondo europeo per gli affari marittimi e la pesca e disposizioni generali sul Fondo europeo di sviluppo regionale, sul Fondo sociale europeo, sul Fondo di coesione e sul Fondo europeo per gli affari marittimi e la pesca, e che abroga il regolamento (CE) n. 1083\/2006 del Consiglio<\/p>\n<p>[\/et_pb_blurb][\/et_pb_column][\/et_pb_row][\/et_pb_section]<\/p>\n","protected":false},"excerpt":{"rendered":"<p>[et_pb_section bb_built=&#8221;1&#8243; fullwidth=&#8221;on&#8221; _builder_version=&#8221;3.0.47&#8243; next_background_color=&#8221;#000000&#8243;][et_pb_fullwidth_header admin_label=&#8221;Normativa Comunitaria&#8221; title=&#8221;Normativa Comunitaria&#8221; _builder_version=&#8221;3.21.1&#8243; background_color=&#8221;#5d8d20&#8243; use_background_color_gradient=&#8221;on&#8221; background_color_gradient_start=&#8221;#5d8d20&#8243; background_color_gradient_end=&#8221;#496417&#8243; background_color_gradient_direction=&#8221;45deg&#8221; z_index_tablet=&#8221;500&#8243; \/][\/et_pb_section][et_pb_section bb_built=&#8221;1&#8243; _builder_version=&#8221;3.17.6&#8243; prev_background_color=&#8221;#000000&#8243;][et_pb_row _builder_version=&#8221;3.0.48&#8243; background_size=&#8221;initial&#8221; background_position=&#8221;top_left&#8221; background_repeat=&#8221;repeat&#8221;][et_pb_column type=&#8221;3_4&#8243;][et_pb_text admin_label=&#8221;Direttiva Quadro Acque (UE 2000\/60)&#8221; _builder_version=&#8221;3.21.1&#8243; text_orientation=&#8221;justified&#8221; z_index_tablet=&#8221;500&#8243;] Direttiva Quadro Acque (UE 2000\/60) La programmazione ed attuazione degli investimenti irrigui \u00e8 strettamente connessa agli obiettivi della Direttiva Quadro Acque (EU [&hellip;]<\/p>\n","protected":false},"author":3,"featured_media":0,"parent":0,"menu_order":0,"comment_status":"closed","ping_status":"closed","template":"","meta":{"_et_pb_use_builder":"on","_et_pb_old_content":""},"_links":{"self":[{"href":"https:\/\/sigrian.crea.gov.it\/index.php\/wp-json\/wp\/v2\/pages\/719"}],"collection":[{"href":"https:\/\/sigrian.crea.gov.it\/index.php\/wp-json\/wp\/v2\/pages"}],"about":[{"href":"https:\/\/sigrian.crea.gov.it\/index.php\/wp-json\/wp\/v2\/types\/page"}],"author":[{"embeddable":true,"href":"https:\/\/sigrian.crea.gov.it\/index.php\/wp-json\/wp\/v2\/users\/3"}],"replies":[{"embeddable":true,"href":"https:\/\/sigrian.crea.gov.it\/index.php\/wp-json\/wp\/v2\/comments?post=719"}],"version-history":[{"count":3,"href":"https:\/\/sigrian.crea.gov.it\/index.php\/wp-json\/wp\/v2\/pages\/719\/revisions"}],"predecessor-version":[{"id":725,"href":"https:\/\/sigrian.crea.gov.it\/index.php\/wp-json\/wp\/v2\/pages\/719\/revisions\/725"}],"wp:attachment":[{"href":"https:\/\/sigrian.crea.gov.it\/index.php\/wp-json\/wp\/v2\/media?parent=719"}],"curies":[{"name":"wp","href":"https:\/\/api.w.org\/{rel}","templated":true}]}}